{"id":286,"date":"2024-07-01T21:42:13","date_gmt":"2024-07-01T20:42:13","guid":{"rendered":"https:\/\/www.klavdijajersinovec.com\/?page_id=286"},"modified":"2024-08-26T11:59:43","modified_gmt":"2024-08-26T10:59:43","slug":"artist-statement","status":"publish","type":"page","link":"https:\/\/www.klavdijajersinovec.com\/sl\/artist-statement","title":{"rendered":"O delih"},"content":{"rendered":"<div class=\"wp-block-visual-portfolio alignwide\">\n<div class=\"vp-portfolio vp-uid-2d846cae vp-id-ZuSMSY\"\n\tdata-vp-layout=\"justified\" data-vp-content-source=\"images\" data-vp-items-style=\"default\" data-vp-items-click-action=\"popup_gallery\" data-vp-items-gap=\"15\" data-vp-items-gap-vertical=\"\" data-vp-pagination=\"load-more\" data-vp-next-page-url=\"\" data-vp-justified-row-height=\"414\" data-vp-justified-row-height-tolerance=\"0.25\" data-vp-justified-max-rows-count=\"0\" data-vp-justified-last-row=\"center\" >\n\t<div class=\"vp-portfolio__preloader-wrap\">\n\t\t<div class=\"vp-portfolio__preloader\">\n\t\t\t<img decoding=\"async\" loading=\"eager\" src=\"https:\/\/www.klavdijajersinovec.com\/wp-content\/plugins\/visual-portfolio\/assets\/images\/logo-dark.svg\" alt=\"Visual Portfolio, Posts &amp; Image Gallery for WordPress\" width=\"20\" height=\"20\" data-skip-lazy>\n\t\t<\/div>\n\t<\/div>\n\t\t<div class=\"vp-portfolio__items-wrap\">\n\t\t\t\n<div class=\"vp-portfolio__items vp-portfolio__items-style-default vp-portfolio__items-show-overlay-hover\">\n\n\t\t<div\t\tclass=\"vp-portfolio__item-wrap vp-portfolio__item-uid-0340bd68\" data-vp-filter=\"\" \t\t>\n\t\t\t<template class=\"vp-portfolio__item-popup\" data-vp-popup-img=\"https:\/\/www.klavdijajersinovec.com\/wp-content\/uploads\/2024\/07\/26-1-scaled.jpg\" data-vp-popup-img-srcset=\"https:\/\/www.klavdijajersinovec.com\/wp-content\/uploads\/2024\/07\/26-1-scaled.jpg 2560w, https:\/\/www.klavdijajersinovec.com\/wp-content\/uploads\/2024\/07\/26-1-300x199.jpg 300w, https:\/\/www.klavdijajersinovec.com\/wp-content\/uploads\/2024\/07\/26-1-1024x678.jpg 1024w, https:\/\/www.klavdijajersinovec.com\/wp-content\/uploads\/2024\/07\/26-1-768x508.jpg 768w, https:\/\/www.klavdijajersinovec.com\/wp-content\/uploads\/2024\/07\/26-1-1536x1016.jpg 1536w, https:\/\/www.klavdijajersinovec.com\/wp-content\/uploads\/2024\/07\/26-1-2048x1355.jpg 2048w, https:\/\/www.klavdijajersinovec.com\/wp-content\/uploads\/2024\/07\/26-1-18x12.jpg 18w\" data-vp-popup-img-size=\"1920x1271\" data-vp-popup-md-img=\"https:\/\/www.klavdijajersinovec.com\/wp-content\/uploads\/2024\/07\/26-1-scaled.jpg\" data-vp-popup-md-img-size=\"800x529\" data-vp-popup-sm-img=\"https:\/\/www.klavdijajersinovec.com\/wp-content\/uploads\/2024\/07\/26-1-scaled.jpg\" data-vp-popup-sm-img-size=\"500x331\">\n\t<\/template>\n\t\t\t\t\t\t<figure class=\"vp-portfolio__item\">\n\t\t\t\t\n<div class=\"vp-portfolio__item-img-wrap\">\n\t<div class=\"vp-portfolio__item-img\">\n\t\t\t<a\n\t\thref=\"https:\/\/www.klavdijajersinovec.com\/wp-content\/uploads\/2024\/07\/26-1-scaled.jpg\"\n\t\t\t>\n\t\n\t\t<noscript><img loading=\"lazy\" decoding=\"async\" width=\"1920\" height=\"1271\" data-skip-lazy src=\"https:\/\/www.klavdijajersinovec.com\/wp-content\/uploads\/2024\/07\/26-1-scaled.jpg\" class=\"wp-image-250\" alt=\"\" srcset=\"https:\/\/www.klavdijajersinovec.com\/wp-content\/uploads\/2024\/07\/26-1-scaled.jpg 2560w, https:\/\/www.klavdijajersinovec.com\/wp-content\/uploads\/2024\/07\/26-1-300x199.jpg 300w, https:\/\/www.klavdijajersinovec.com\/wp-content\/uploads\/2024\/07\/26-1-1024x678.jpg 1024w, https:\/\/www.klavdijajersinovec.com\/wp-content\/uploads\/2024\/07\/26-1-768x508.jpg 768w, https:\/\/www.klavdijajersinovec.com\/wp-content\/uploads\/2024\/07\/26-1-1536x1016.jpg 1536w, https:\/\/www.klavdijajersinovec.com\/wp-content\/uploads\/2024\/07\/26-1-2048x1355.jpg 2048w, https:\/\/www.klavdijajersinovec.com\/wp-content\/uploads\/2024\/07\/26-1-18x12.jpg 18w\" sizes=\"auto, (max-width: 1920px) 100vw, 1920px\" \/><\/noscript><img fetchpriority=\"high\" decoding=\"async\" width=\"1920\" height=\"1271\" src=\"https:\/\/www.klavdijajersinovec.com\/wp-content\/uploads\/2024\/07\/26-1-scaled.jpg\" class=\"wp-image-250 vp-lazyload\" alt srcset=\"data:image\/svg+xml;base64,PHN2ZyB3aWR0aD0iMTkyMCIgaGVpZ2h0PSIxMjcxIiB2aWV3Qm94PSIwIDAgMTkyMCAxMjcxIiBmaWxsPSJub25lIiB4bWxucz0iaHR0cDovL3d3dy53My5vcmcvMjAwMC9zdmciPjwvc3ZnPg==\" data-src=\"https:\/\/www.klavdijajersinovec.com\/wp-content\/uploads\/2024\/07\/26-1-scaled.jpg\" data-srcset=\"https:\/\/www.klavdijajersinovec.com\/wp-content\/uploads\/2024\/07\/26-1-scaled.jpg 2560w, https:\/\/www.klavdijajersinovec.com\/wp-content\/uploads\/2024\/07\/26-1-300x199.jpg 300w, https:\/\/www.klavdijajersinovec.com\/wp-content\/uploads\/2024\/07\/26-1-1024x678.jpg 1024w, https:\/\/www.klavdijajersinovec.com\/wp-content\/uploads\/2024\/07\/26-1-768x508.jpg 768w, https:\/\/www.klavdijajersinovec.com\/wp-content\/uploads\/2024\/07\/26-1-1536x1016.jpg 1536w, https:\/\/www.klavdijajersinovec.com\/wp-content\/uploads\/2024\/07\/26-1-2048x1355.jpg 2048w, https:\/\/www.klavdijajersinovec.com\/wp-content\/uploads\/2024\/07\/26-1-18x12.jpg 18w\" data-sizes=\"auto\" loading=\"eager\">\n\t\t<div class=\"vp-portfolio__item-overlay\">\n\t\t\t\t\t<\/div>\n\n\t\t<\/a>\t<\/div>\n<\/div>\n\n\t\t\t<\/figure>\n\t\t\t\t\t<\/div>\n\t\t\n<\/div>\n\t\t<\/div>\n\t\t\n<\/div>\n<\/div>\n\n\n<p><br>Moja dela raziskujejo kompozicijo in najbolj osnovne likovne elemente: \u010drto, kvadrat, \u010drno in primarne barve.<br><br><\/p>\n\n\n\n<p>V zadnjem desetletju ustvarjam zame zna\u010dilna \u010drna platna. Kvadratna polja mojih rastrov so bila najprej bolj razpr\u0161ena in prostoro\u010dna, \u010dez \u010das pa sem slog iz\u010distila. Geometrijska abstrakcija mi ponuja dovolj prostora za raziskovanje kompozicije, ki je pri mojem ustvarjanju klju\u010dna. Preden grem na platno, si vzamem veliko \u010dasa za skico. Na platnu barvo nana\u0161am in odvzemam. Ustaljenost tega ponavljajo\u010dega ritma mi daje \u010das za razmislek o vsem, kar me obdaja, tako osebno kot v dru\u017ebi.<br><br><\/p>\n\n\n\n<p>Moja osrednja barva je \u010drna, ker je polna, zapolnjena. Ima te\u017eo in vsebino. Trendi pridejo in grejo, dobra umetni\u0161ka dela pa nosijo v sebi mo\u010d, ki je ve\u010dna. To je tisto, kar i\u0161\u010dem. V svoja dela vna\u0161am primarne barve, da svojim kompozicijam dodam ritem, razgibanost in simbolizem.<br><br><\/p>\n\n\n\n<p>Kot protiute\u017e discipliniranemu delu na platnih si pri ustvarjanju s tekstilom dopu\u0161\u010dam bistveno ve\u010d svobode in spontanosti. Obema medijema je skupen moare efekt, ki ustvari opti\u010dni u\u010dinek navideznega migetanja ob premiku pogleda. Na tak na\u010din sku\u0161am poudariti pomembnost do\u017eivetja umetnosti v \u017eivo, saj to omogo\u010da druga\u010dno, bolj smiselno izku\u0161njo kot plehko drsenje po digitalnih ekranih.<\/p>","protected":false},"excerpt":{"rendered":"<p>My work is an exploration of composition and the most basic visual elements: line, square, black and primary colors. For the past decade, I have been creating my characteristic black canvases. Initially, the square fields of my rasters were freehand, but over the years I refined the style to be more precise. Geometric abstraction offers [&hellip;]<\/p>","protected":false},"author":1,"featured_media":0,"parent":0,"menu_order":0,"comment_status":"closed","ping_status":"closed","template":"","meta":{"_vp_format_video_url":"","_vp_image_focal_point":[],"footnotes":""},"class_list":["post-286","page","type-page","status-publish","hentry"],"yoast_head":"<!-- This site is optimized with the Yoast SEO plugin v26.2 - https:\/\/yoast.com\/wordpress\/plugins\/seo\/ -->\n<title>Artist statement - Klavdija Jer\u0161inovec<\/title>\n<meta name=\"robots\" content=\"index, follow, max-snippet:-1, max-image-preview:large, max-video-preview:-1\" \/>\n<link rel=\"canonical\" href=\"https:\/\/www.klavdijajersinovec.com\/sl\/artist-statement\/\" \/>\n<meta property=\"og:locale\" content=\"sl_SI\" \/>\n<meta property=\"og:type\" content=\"article\" \/>\n<meta property=\"og:title\" content=\"Artist statement - Klavdija Jer\u0161inovec\" \/>\n<meta property=\"og:description\" content=\"My work is an exploration of composition and the most basic visual elements: line, square, black and primary colors. For the past decade, I have been creating my characteristic black canvases. Initially, the square fields of my rasters were freehand, but over the years I refined the style to be more precise. Geometric abstraction offers [&hellip;]\" \/>\n<meta property=\"og:url\" content=\"https:\/\/www.klavdijajersinovec.com\/sl\/artist-statement\/\" \/>\n<meta property=\"og:site_name\" content=\"Klavdija Jer\u0161inovec\" \/>\n<meta property=\"article:modified_time\" content=\"2024-08-26T10:59:43+00:00\" \/>\n<meta property=\"og:image\" content=\"https:\/\/www.klavdijajersinovec.com\/wp-content\/uploads\/2024\/07\/logokj-scaled.jpg\" \/>\n\t<meta property=\"og:image:width\" content=\"2560\" \/>\n\t<meta property=\"og:image:height\" content=\"2560\" \/>\n\t<meta property=\"og:image:type\" content=\"image\/jpeg\" \/>\n<meta name=\"twitter:card\" content=\"summary_large_image\" \/>\n<meta name=\"twitter:label1\" content=\"Est. reading time\" \/>\n\t<meta name=\"twitter:data1\" content=\"1 minuta\" \/>\n<script type=\"application\/ld+json\" class=\"yoast-schema-graph\">{\"@context\":\"https:\/\/schema.org\",\"@graph\":[{\"@type\":\"WebPage\",\"@id\":\"https:\/\/www.klavdijajersinovec.com\/artist-statement\",\"url\":\"https:\/\/www.klavdijajersinovec.com\/artist-statement\",\"name\":\"Artist statement - Klavdija Jer\u0161inovec\",\"isPartOf\":{\"@id\":\"https:\/\/www.klavdijajersinovec.com\/#website\"},\"datePublished\":\"2024-07-01T20:42:13+00:00\",\"dateModified\":\"2024-08-26T10:59:43+00:00\",\"breadcrumb\":{\"@id\":\"https:\/\/www.klavdijajersinovec.com\/artist-statement#breadcrumb\"},\"inLanguage\":\"sl-SI\",\"potentialAction\":[{\"@type\":\"ReadAction\",\"target\":[\"https:\/\/www.klavdijajersinovec.com\/artist-statement\"]}]},{\"@type\":\"BreadcrumbList\",\"@id\":\"https:\/\/www.klavdijajersinovec.com\/artist-statement#breadcrumb\",\"itemListElement\":[{\"@type\":\"ListItem\",\"position\":1,\"name\":\"Home\",\"item\":\"https:\/\/www.klavdijajersinovec.com\/\"},{\"@type\":\"ListItem\",\"position\":2,\"name\":\"Artist statement\"}]},{\"@type\":\"WebSite\",\"@id\":\"https:\/\/www.klavdijajersinovec.com\/#website\",\"url\":\"https:\/\/www.klavdijajersinovec.com\/\",\"name\":\"Klavdija Jer\u0161inovec\",\"description\":\"\",\"potentialAction\":[{\"@type\":\"SearchAction\",\"target\":{\"@type\":\"EntryPoint\",\"urlTemplate\":\"https:\/\/www.klavdijajersinovec.com\/?s={search_term_string}\"},\"query-input\":{\"@type\":\"PropertyValueSpecification\",\"valueRequired\":true,\"valueName\":\"search_term_string\"}}],\"inLanguage\":\"sl-SI\"}]}<\/script>\n<!-- \/ Yoast SEO plugin. -->","yoast_head_json":{"title":"Artist statement - Klavdija Jer\u0161inovec","robots":{"index":"index","follow":"follow","max-snippet":"max-snippet:-1","max-image-preview":"max-image-preview:large","max-video-preview":"max-video-preview:-1"},"canonical":"https:\/\/www.klavdijajersinovec.com\/sl\/artist-statement\/","og_locale":"sl_SI","og_type":"article","og_title":"Artist statement - Klavdija Jer\u0161inovec","og_description":"My work is an exploration of composition and the most basic visual elements: line, square, black and primary colors. For the past decade, I have been creating my characteristic black canvases. Initially, the square fields of my rasters were freehand, but over the years I refined the style to be more precise. Geometric abstraction offers [&hellip;]","og_url":"https:\/\/www.klavdijajersinovec.com\/sl\/artist-statement\/","og_site_name":"Klavdija Jer\u0161inovec","article_modified_time":"2024-08-26T10:59:43+00:00","og_image":[{"width":2560,"height":2560,"url":"https:\/\/www.klavdijajersinovec.com\/wp-content\/uploads\/2024\/07\/logokj-scaled.jpg","type":"image\/jpeg"}],"twitter_card":"summary_large_image","twitter_misc":{"Est. reading time":"1 minuta"},"schema":{"@context":"https:\/\/schema.org","@graph":[{"@type":"WebPage","@id":"https:\/\/www.klavdijajersinovec.com\/artist-statement","url":"https:\/\/www.klavdijajersinovec.com\/artist-statement","name":"Artist statement - Klavdija Jer\u0161inovec","isPartOf":{"@id":"https:\/\/www.klavdijajersinovec.com\/#website"},"datePublished":"2024-07-01T20:42:13+00:00","dateModified":"2024-08-26T10:59:43+00:00","breadcrumb":{"@id":"https:\/\/www.klavdijajersinovec.com\/artist-statement#breadcrumb"},"inLanguage":"sl-SI","potentialAction":[{"@type":"ReadAction","target":["https:\/\/www.klavdijajersinovec.com\/artist-statement"]}]},{"@type":"BreadcrumbList","@id":"https:\/\/www.klavdijajersinovec.com\/artist-statement#breadcrumb","itemListElement":[{"@type":"ListItem","position":1,"name":"Home","item":"https:\/\/www.klavdijajersinovec.com\/"},{"@type":"ListItem","position":2,"name":"Artist statement"}]},{"@type":"WebSite","@id":"https:\/\/www.klavdijajersinovec.com\/#website","url":"https:\/\/www.klavdijajersinovec.com\/","name":"Klavdija Jer\u0161inovec","description":"","potentialAction":[{"@type":"SearchAction","target":{"@type":"EntryPoint","urlTemplate":"https:\/\/www.klavdijajersinovec.com\/?s={search_term_string}"},"query-input":{"@type":"PropertyValueSpecification","valueRequired":true,"valueName":"search_term_string"}}],"inLanguage":"sl-SI"}]}},"_links":{"self":[{"href":"https:\/\/www.klavdijajersinovec.com\/sl\/wp-json\/wp\/v2\/pages\/286","targetHints":{"allow":["GET"]}}],"collection":[{"href":"https:\/\/www.klavdijajersinovec.com\/sl\/wp-json\/wp\/v2\/pages"}],"about":[{"href":"https:\/\/www.klavdijajersinovec.com\/sl\/wp-json\/wp\/v2\/types\/page"}],"author":[{"embeddable":true,"href":"https:\/\/www.klavdijajersinovec.com\/sl\/wp-json\/wp\/v2\/users\/1"}],"replies":[{"embeddable":true,"href":"https:\/\/www.klavdijajersinovec.com\/sl\/wp-json\/wp\/v2\/comments?post=286"}],"version-history":[{"count":20,"href":"https:\/\/www.klavdijajersinovec.com\/sl\/wp-json\/wp\/v2\/pages\/286\/revisions"}],"predecessor-version":[{"id":973,"href":"https:\/\/www.klavdijajersinovec.com\/sl\/wp-json\/wp\/v2\/pages\/286\/revisions\/973"}],"wp:attachment":[{"href":"https:\/\/www.klavdijajersinovec.com\/sl\/wp-json\/wp\/v2\/media?parent=286"}],"curies":[{"name":"wp","href":"https:\/\/api.w.org\/{rel}","templated":true}]}}