{"id":13,"date":"2024-06-28T09:52:14","date_gmt":"2024-06-28T09:52:14","guid":{"rendered":"https:\/\/www.klavdijajersinovec.com\/?page_id=13"},"modified":"2026-02-20T11:54:25","modified_gmt":"2026-02-20T10:54:25","slug":"exhibitions","status":"publish","type":"page","link":"https:\/\/www.klavdijajersinovec.com\/sl\/exhibitions","title":{"rendered":"Razstave"},"content":{"rendered":"<div class=\"wp-block-visual-portfolio alignwide\">\n<div class=\"vp-portfolio vp-uid-f2b7d7da vp-id-ZbPosb\"\n\tdata-vp-layout=\"justified\" data-vp-content-source=\"images\" data-vp-items-style=\"default\" data-vp-items-click-action=\"popup_gallery\" data-vp-items-gap=\"9\" data-vp-items-gap-vertical=\"\" data-vp-pagination=\"load-more\" data-vp-next-page-url=\"\" data-vp-justified-row-height=\"423\" data-vp-justified-row-height-tolerance=\"0.3\" data-vp-justified-max-rows-count=\"0\" data-vp-justified-last-row=\"center\" >\n\t<div class=\"vp-portfolio__preloader-wrap\">\n\t\t<div class=\"vp-portfolio__preloader\">\n\t\t\t<img decoding=\"async\" loading=\"eager\" src=\"https:\/\/www.klavdijajersinovec.com\/wp-content\/plugins\/visual-portfolio\/assets\/images\/logo-dark.svg\" alt=\"Visual Portfolio, Posts &amp; Image Gallery for WordPress\" width=\"20\" height=\"20\" data-skip-lazy>\n\t\t<\/div>\n\t<\/div>\n\t\t<div class=\"vp-portfolio__items-wrap\">\n\t\t\t\n<div class=\"vp-portfolio__items vp-portfolio__items-style-default vp-portfolio__items-show-overlay-hover\">\n\n\t\t<div\t\tclass=\"vp-portfolio__item-wrap vp-portfolio__item-uid-c0ce1aee\" data-vp-filter=\"\" \t\t>\n\t\t\t<template class=\"vp-portfolio__item-popup\" data-vp-popup-img=\"https:\/\/www.klavdijajersinovec.com\/wp-content\/uploads\/2026\/02\/BPu-gk0057-1920x1281.jpg\" data-vp-popup-img-srcset=\"https:\/\/www.klavdijajersinovec.com\/wp-content\/uploads\/2026\/02\/BPu-gk0057-1920x1281.jpg 1920w, https:\/\/www.klavdijajersinovec.com\/wp-content\/uploads\/2026\/02\/BPu-gk0057-300x200.jpg 300w, https:\/\/www.klavdijajersinovec.com\/wp-content\/uploads\/2026\/02\/BPu-gk0057-1024x683.jpg 1024w, https:\/\/www.klavdijajersinovec.com\/wp-content\/uploads\/2026\/02\/BPu-gk0057-768x512.jpg 768w, https:\/\/www.klavdijajersinovec.com\/wp-content\/uploads\/2026\/02\/BPu-gk0057-1536x1025.jpg 1536w, https:\/\/www.klavdijajersinovec.com\/wp-content\/uploads\/2026\/02\/BPu-gk0057-2048x1366.jpg 2048w, https:\/\/www.klavdijajersinovec.com\/wp-content\/uploads\/2026\/02\/BPu-gk0057-18x12.jpg 18w, https:\/\/www.klavdijajersinovec.com\/wp-content\/uploads\/2026\/02\/BPu-gk0057-500x334.jpg 500w, https:\/\/www.klavdijajersinovec.com\/wp-content\/uploads\/2026\/02\/BPu-gk0057-800x534.jpg 800w, https:\/\/www.klavdijajersinovec.com\/wp-content\/uploads\/2026\/02\/BPu-gk0057-1280x854.jpg 1280w\" data-vp-popup-img-size=\"1920x1281\" data-vp-popup-md-img=\"https:\/\/www.klavdijajersinovec.com\/wp-content\/uploads\/2026\/02\/BPu-gk0057-800x534.jpg\" data-vp-popup-md-img-size=\"800x534\" data-vp-popup-sm-img=\"https:\/\/www.klavdijajersinovec.com\/wp-content\/uploads\/2026\/02\/BPu-gk0057-500x334.jpg\" data-vp-popup-sm-img-size=\"500x334\">\n\t<\/template>\n\t\t\t\t\t\t<figure class=\"vp-portfolio__item\">\n\t\t\t\t\n<div class=\"vp-portfolio__item-img-wrap\">\n\t<div class=\"vp-portfolio__item-img\">\n\t\t\t<a\n\t\thref=\"https:\/\/www.klavdijajersinovec.com\/wp-content\/uploads\/2026\/02\/BPu-gk0057-1920x1281.jpg\"\n\t\t\t>\n\t\n\t\t<noscript><img loading=\"lazy\" decoding=\"async\" width=\"1920\" height=\"1281\" data-skip-lazy src=\"https:\/\/www.klavdijajersinovec.com\/wp-content\/uploads\/2026\/02\/BPu-gk0057-1920x1281.jpg\" class=\"wp-image-1044\" alt=\"\" srcset=\"https:\/\/www.klavdijajersinovec.com\/wp-content\/uploads\/2026\/02\/BPu-gk0057-1920x1281.jpg 1920w, https:\/\/www.klavdijajersinovec.com\/wp-content\/uploads\/2026\/02\/BPu-gk0057-300x200.jpg 300w, https:\/\/www.klavdijajersinovec.com\/wp-content\/uploads\/2026\/02\/BPu-gk0057-1024x683.jpg 1024w, https:\/\/www.klavdijajersinovec.com\/wp-content\/uploads\/2026\/02\/BPu-gk0057-768x512.jpg 768w, https:\/\/www.klavdijajersinovec.com\/wp-content\/uploads\/2026\/02\/BPu-gk0057-1536x1025.jpg 1536w, https:\/\/www.klavdijajersinovec.com\/wp-content\/uploads\/2026\/02\/BPu-gk0057-2048x1366.jpg 2048w, https:\/\/www.klavdijajersinovec.com\/wp-content\/uploads\/2026\/02\/BPu-gk0057-18x12.jpg 18w, https:\/\/www.klavdijajersinovec.com\/wp-content\/uploads\/2026\/02\/BPu-gk0057-500x334.jpg 500w, https:\/\/www.klavdijajersinovec.com\/wp-content\/uploads\/2026\/02\/BPu-gk0057-800x534.jpg 800w, https:\/\/www.klavdijajersinovec.com\/wp-content\/uploads\/2026\/02\/BPu-gk0057-1280x854.jpg 1280w\" sizes=\"auto, (max-width: 1920px) 100vw, 1920px\" \/><\/noscript><img fetchpriority=\"high\" decoding=\"async\" width=\"1920\" height=\"1281\" src=\"https:\/\/www.klavdijajersinovec.com\/wp-content\/uploads\/2026\/02\/BPu-gk0057-1920x1281.jpg\" class=\"wp-image-1044 vp-lazyload\" alt srcset=\"data:image\/svg+xml;base64,PHN2ZyB3aWR0aD0iMTkyMCIgaGVpZ2h0PSIxMjgxIiB2aWV3Qm94PSIwIDAgMTkyMCAxMjgxIiBmaWxsPSJub25lIiB4bWxucz0iaHR0cDovL3d3dy53My5vcmcvMjAwMC9zdmciPjwvc3ZnPg==\" data-src=\"https:\/\/www.klavdijajersinovec.com\/wp-content\/uploads\/2026\/02\/BPu-gk0057-1920x1281.jpg\" data-srcset=\"https:\/\/www.klavdijajersinovec.com\/wp-content\/uploads\/2026\/02\/BPu-gk0057-1920x1281.jpg 1920w, https:\/\/www.klavdijajersinovec.com\/wp-content\/uploads\/2026\/02\/BPu-gk0057-300x200.jpg 300w, https:\/\/www.klavdijajersinovec.com\/wp-content\/uploads\/2026\/02\/BPu-gk0057-1024x683.jpg 1024w, https:\/\/www.klavdijajersinovec.com\/wp-content\/uploads\/2026\/02\/BPu-gk0057-768x512.jpg 768w, https:\/\/www.klavdijajersinovec.com\/wp-content\/uploads\/2026\/02\/BPu-gk0057-1536x1025.jpg 1536w, https:\/\/www.klavdijajersinovec.com\/wp-content\/uploads\/2026\/02\/BPu-gk0057-2048x1366.jpg 2048w, https:\/\/www.klavdijajersinovec.com\/wp-content\/uploads\/2026\/02\/BPu-gk0057-18x12.jpg 18w, https:\/\/www.klavdijajersinovec.com\/wp-content\/uploads\/2026\/02\/BPu-gk0057-500x334.jpg 500w, https:\/\/www.klavdijajersinovec.com\/wp-content\/uploads\/2026\/02\/BPu-gk0057-800x534.jpg 800w, https:\/\/www.klavdijajersinovec.com\/wp-content\/uploads\/2026\/02\/BPu-gk0057-1280x854.jpg 1280w\" data-sizes=\"auto\" loading=\"eager\">\n\t\t<div class=\"vp-portfolio__item-overlay\">\n\t\t\t\t\t<\/div>\n\n\t\t<\/a>\t<\/div>\n<\/div>\n\n\t\t\t<\/figure>\n\t\t\t\t\t<\/div>\n\t\t\n<\/div>\n\t\t<\/div>\n\t\t\n<\/div>\n<\/div>\n\n\n<p><br><em>Liturgija forme<\/em>, Galerija Kr\u0161ko, 2026 (foto: Bo\u0161tjan Pucelj)<\/p>\n\n\n\n<p><br><mark style=\"background-color:rgba(0, 0, 0, 0)\" class=\"has-inline-color has-primary-color\">Samostojne razstave<\/mark><\/p>\n\n\n\n<ul class=\"wp-block-list\">\n<li><a href=\"https:\/\/www.galerijakrsko.si\/razstave\/klavdija-jersinovec-liturgija-forme\" target=\"_blank\" rel=\"noreferrer noopener\">Liturgija forme<\/a>, Galerija Kr\u0161ko, 2026<\/li>\n\n\n\n<li><a href=\"https:\/\/kulturnidom-ng.si\/events\/klavdija-jersinovec-slike\/\" target=\"_blank\" rel=\"noreferrer noopener\">\u010crna<\/a>, Mestna galerija Nova Gorica, 2024; <a href=\"https:\/\/kulturnidom-ng.si\/wp-content\/uploads\/2024\/04\/katalog_Klavdija_Jersinovec_2024.pdf\" target=\"_blank\" rel=\"noreferrer noopener\">katalog<\/a><\/li>\n\n\n\n<li><a href=\"https:\/\/zdslu.si\/dejmi-hadrovic-oda-palestini-in-klavdija-jersinovec-suznji-trendom\/\" target=\"_blank\" rel=\"noreferrer noopener\">Su\u017enji trendom<\/a>, ZDSLU Ljubljana, 2024<\/li>\n\n\n\n<li><a href=\"https:\/\/visitvrhnika.si\/dogodki\/klavdija_jersinovec_marost\/\" target=\"_blank\" rel=\"noreferrer noopener\">Marost<\/a>, Cankarjev dom Vrhnika, 2023<\/li>\n\n\n\n<li><a href=\"https:\/\/www.cd-cc.si\/kultura\/razstave\/klavdija-jersinovec\" target=\"_blank\" rel=\"noreferrer noopener\">Likovni kritiki izbirajo<\/a>, Cankarjev dom Ljubljana, 2023<\/li>\n\n\n\n<li><a href=\"https:\/\/www.obalne-galerije.si\/klavdija-jersinovec-morje-sonce-srce\/\" target=\"_blank\" rel=\"noreferrer noopener\">Morje, sonce, srce<\/a>, Galerija Herman Pe\u010dari\u010d, Piran, 2022<\/li>\n\n\n\n<li><a href=\"https:\/\/www.bienaleneodvisneilustracije.com\/2019\/aktualno\/klavdija-jersinovec\/\" target=\"_blank\" rel=\"noreferrer noopener\">Kostumografski zin<\/a>, Galerija Kortil, Reka, Hrva\u0161ka, 2020<br><br><\/li>\n<\/ul>\n\n\n\n<p><mark style=\"background-color:rgba(0, 0, 0, 0)\" class=\"has-inline-color has-primary-color\">Skupinske razstave<\/mark><\/p>\n\n\n\n<ul class=\"wp-block-list\">\n<li><a href=\"https:\/\/artfacts.net\/exhibition\/8th-biennale-of-non-objective-art-beyond-au-dela-istanbul-satellite-exhibition-ayn-earth-studio-istanbul-2025\">BIANO-8 (8. mednarodni bienale neobjektivne umetnosti)<\/a>, Istanbul, Tur\u010dija, 2025<\/li>\n\n\n\n<li>Postcards for Sey\u00f0isfj\u00f6r\u00f0ur, Islandsko veleposlani\u0161tvo, London, Zdru\u017eeno kraljestvo, 2025<\/li>\n\n\n\n<li><a href=\"https:\/\/www.obalne-galerije.si\/ex-tempore-piran-2025\/\">Ex-Tempore Piran 2025<\/a>, Mestna galerija Piran, Obalne galerije Piran, 2025<\/li>\n\n\n\n<li><a href=\"https:\/\/www.dlul-drustvo.si\/2025\/07\/15\/sveze-in-vroce\/\">SVE\u017dE IN VRO\u010cE<\/a>, Galerija Breg, DLUL, Ljubljana, 2025<\/li>\n\n\n\n<li><a href=\"https:\/\/www.ljubljanafestival.si\/sl\/koledar-dogodkov\/2291-xxviii-mednarodna-likovna-kolonija\">28. mednarodna likovna kolonija Festivala Ljubljana<\/a>, Vite\u0161ka dvorana, Ljubljana, 2025<\/li>\n\n\n\n<li><a href=\"https:\/\/www.hardpainting.com\/postcards-for-seyisfjrur\">Postcards for Sey\u00f0isfj\u00f6r\u00f0ur<\/a>, H_A_R_D_P_A_I_N_T_I_N_G\/Sluice\/LungA School, Sey\u00f0isfj\u00f6r\u00f0ur, Islandija, 2025<\/li>\n\n\n\n<li><a href=\"https:\/\/zdslu.si\/majski-salon-2025-mehka-moc\/\">Majski salon<\/a>, Galerija mesta Ptuj, 2025<\/li>\n\n\n\n<li><a href=\"https:\/\/nomoresilence.si\/ex-tempore-karneval\/\">Ex Tempore Ptuj: Karneval<\/a>, Galerija Magistrat, Ptuj, 2025<\/li>\n\n\n\n<li><a href=\"https:\/\/zdslu.si\/zimski-salon-zdslu-2024-zimska-pripoved\/\" target=\"_blank\" rel=\"noreferrer noopener\">Zimski salon ZDSLU 2024: Zimska pripoved<\/a>, ZDSLU Ljubljana (virtualna razstava), 2024<\/li>\n\n\n\n<li><a href=\"https:\/\/www.obalne-galerije.si\/razstave-ex-tempora-piran-2024\/\">EX-TEMPORE 10, nagrajena dela iz zbirk OGP 2014\u20132024<\/a>, Mestna galerija Piran, Obalne galerije Piran, 2024<\/li>\n\n\n\n<li><a href=\"https:\/\/www.dlul-drustvo.si\/2024\/03\/18\/pomlad-skupinska-prodajna-razstava-clanov\/\" target=\"_blank\" rel=\"noreferrer noopener\">Pomlad<\/a>, Galerija Breg, DLUL, Ljubljana, 2024<\/li>\n\n\n\n<li><a href=\"https:\/\/zdslu.si\/virtualni-zimski-salon-zdslu-2023\/\">Virtualni Zimski salon ZDSLU 2023<\/a>, ZDSLU Ljubljana (virtualna razstava), 2023<\/li>\n\n\n\n<li><a href=\"https:\/\/zdslu.si\/majski-salon-2023-misterij-gea\/\" target=\"_blank\" rel=\"noreferrer noopener\">Majski salon<\/a>, Delavski dom Trbovlje, 2023<\/li>\n\n\n\n<li><a href=\"https:\/\/zdslu.si\/mladi-23-prvenci-svetlobe\/\" target=\"_blank\" rel=\"noreferrer noopener\">Prvenci svetlobe<\/a>, ZDSLU Ljubljana, 2023<\/li>\n\n\n\n<li><a href=\"https:\/\/www.dlum.si\/razstave\/vabljeni-mladi-2022\" target=\"_blank\" rel=\"noreferrer noopener\">Vabljeni mladi<\/a>, DLMU galerija, Maribor, 2022; <a href=\"https:\/\/www.dlum.si\/application\/files\/7316\/5554\/3861\/2022_Katalog_Vabljeni_mladi-web1_1.pdf\" target=\"_blank\" rel=\"noreferrer noopener\">katalog<\/a><\/li>\n\n\n\n<li>Bienale neodvisnih, Allstars Archive, Galerija Kortil, Reka, Hrva\u0161ka, 2020<\/li>\n\n\n\n<li><a href=\"https:\/\/www.bienaleneodvisneilustracije.com\/2019\/aktualno\/bienale-neodvisne-ilustracije-2017\/\" target=\"_blank\" rel=\"noreferrer noopener\">Bienale neodvisne ilustracije<\/a>, Kino \u0160i\u0161ka, Ljubljana, 2019<br><br><\/li>\n<\/ul>\n\n\n\n<p><mark style=\"background-color:rgba(0, 0, 0, 0)\" class=\"has-inline-color has-primary-color\">Ilustracija<\/mark><\/p>\n\n\n\n<ul class=\"wp-block-list\">\n<li>ilustracija naslovnice in tematskega dela revije <a href=\"https:\/\/razpotja.si\/razpotja_issue\/razpotja-35-zvok\/\" target=\"_blank\" rel=\"noreferrer noopener\">Razpotje, \u0161t. 34: Zvok<\/a>, naslovnica je bila omenjena na <a href=\"https:\/\/brumen.awardsplatform.com\/gallery\/aozOvpXz\/ENlnvvYG?search=8df829798b8a4509-1\">Bienau Brumen 2019.<\/a><\/li>\n\n\n\n<li>ilustracije za spletno publikacijo oddaje Muzikalija na Radiu \u0160tudent, 2013<br><br><\/li>\n<\/ul>\n\n\n\n<p><mark style=\"background-color:rgba(0, 0, 0, 0)\" class=\"has-inline-color has-primary-color\">Kostumografija<\/mark><\/p>\n\n\n\n<ul class=\"wp-block-list\">\n<li>Voranc, AGRFT, 2025<\/li>\n\n\n\n<li>Ay Carmela!, AGRFT, 2024<\/li>\n\n\n\n<li>QR koda, AGRFT, 2024<\/li>\n\n\n\n<li>Zlo\u010din na kozjem otoku, AGRFT, 2023<\/li>\n\n\n\n<li>Stri\u010dek Vanja, AGRFT, 2022\/23<\/li>\n\n\n\n<li>Ko\u017ea, Theatro \u0160entjo\u0161t, 2020<\/li>\n\n\n\n<li>Medvedek Pu (2021), Samo \u0161e malo! (2019), Zaprta vrata (2019), Kdo je napravil Vidku sraj\u010dico (2019), Hop v pravljico (2018), Dobri \u010dlovek iz Se\u010duana (2017), Copranje pri coprnici Zofki (2017), Ronja, razbojni\u0161ka h\u010di (2016), \u0160krat Kuzma dobi nagrado (2016), Prora\u010dun obcestne svetilke (2015), Zvezdica zaspanka (2015), Manipulacije (2014), Svetniki (2011); KD teater Grosuplje<\/li>\n\n\n\n<li>asistentka kostumografije pri reklamah (Toyota, Haribo, Canal +, Mercator, Dormeo, ...), 2016-2018<\/li>\n\n\n\n<li>asistentka kostumografije pri seriji Ena \u017elahtna \u0161torija, 2015<\/li>\n\n\n\n<li>kostumografsko delo za kratke igrane filme na AGRFT (Amelia, Njen otrok, Ivan brez \u017eivljenja, Svetlo \u010drna)<\/li>\n\n\n\n<li>kostumografsko delo za predstave in performanse (interaktivni performans Plod, Stara mestna elektrarna, predstava Svinje, Gledali\u0161\u010de Glej; Moliere Stroj, Cankarjev dom, AGRFT; opera Orfej, Opera Ljubljana, Basilica dei Frari, Benetke)<\/li>\n\n\n\n<li>sodelovala na skupinski razstavi tekstilnih kosov v Slovenskem etnografskem muzeju<\/li>\n\n\n\n<li>sodelovala na skupinskih modnih revijah (leta 2010 uvr\u0161\u010dena med 10 najperspektivnej\u0161ih mladih modnih oblikovalcev na modni reviji festivala Mladi v Kranju; projekt 3Re (Reduce, Reuse, Recycle); Obletnica diskoteteke Turist, ...)<\/li>\n<\/ul>","protected":false},"excerpt":{"rendered":"<p>Liturgy of Form, Kr\u0161ko Gallery, 2026 (photo: Bo\u0161tjan Pucelj) Solo exhibitions Group exhibitions Illustration Costume design<\/p>","protected":false},"author":1,"featured_media":0,"parent":0,"menu_order":0,"comment_status":"closed","ping_status":"closed","template":"","meta":{"_vp_format_video_url":"","_vp_image_focal_point":[],"footnotes":""},"class_list":["post-13","page","type-page","status-publish","hentry"],"yoast_head":"<!-- This site is optimized with the Yoast SEO plugin v26.2 - https:\/\/yoast.com\/wordpress\/plugins\/seo\/ -->\n<title>Exhibitions - Klavdija Jer\u0161inovec<\/title>\n<meta name=\"robots\" content=\"index, follow, max-snippet:-1, max-image-preview:large, max-video-preview:-1\" \/>\n<link rel=\"canonical\" href=\"https:\/\/www.klavdijajersinovec.com\/sl\/exhibitions\/\" \/>\n<meta property=\"og:locale\" content=\"sl_SI\" \/>\n<meta property=\"og:type\" content=\"article\" \/>\n<meta property=\"og:title\" content=\"Exhibitions - Klavdija Jer\u0161inovec\" \/>\n<meta property=\"og:description\" content=\"Liturgy of Form, Kr\u0161ko Gallery, 2026 (photo: Bo\u0161tjan Pucelj) Solo exhibitions Group exhibitions Illustration Costume design\" \/>\n<meta property=\"og:url\" content=\"https:\/\/www.klavdijajersinovec.com\/sl\/exhibitions\/\" \/>\n<meta property=\"og:site_name\" content=\"Klavdija Jer\u0161inovec\" \/>\n<meta property=\"article:modified_time\" content=\"2026-02-20T10:54:25+00:00\" \/>\n<meta property=\"og:image\" content=\"https:\/\/www.klavdijajersinovec.com\/wp-content\/uploads\/2024\/07\/logokj-scaled.jpg\" \/>\n\t<meta property=\"og:image:width\" content=\"2560\" \/>\n\t<meta property=\"og:image:height\" content=\"2560\" \/>\n\t<meta property=\"og:image:type\" content=\"image\/jpeg\" \/>\n<meta name=\"twitter:card\" content=\"summary_large_image\" \/>\n<meta name=\"twitter:label1\" content=\"Est. reading time\" \/>\n\t<meta name=\"twitter:data1\" content=\"2 minuti\" \/>\n<script type=\"application\/ld+json\" class=\"yoast-schema-graph\">{\"@context\":\"https:\/\/schema.org\",\"@graph\":[{\"@type\":\"WebPage\",\"@id\":\"https:\/\/www.klavdijajersinovec.com\/exhibitions\",\"url\":\"https:\/\/www.klavdijajersinovec.com\/exhibitions\",\"name\":\"Exhibitions - Klavdija Jer\u0161inovec\",\"isPartOf\":{\"@id\":\"https:\/\/www.klavdijajersinovec.com\/#website\"},\"datePublished\":\"2024-06-28T09:52:14+00:00\",\"dateModified\":\"2026-02-20T10:54:25+00:00\",\"breadcrumb\":{\"@id\":\"https:\/\/www.klavdijajersinovec.com\/exhibitions#breadcrumb\"},\"inLanguage\":\"sl-SI\",\"potentialAction\":[{\"@type\":\"ReadAction\",\"target\":[\"https:\/\/www.klavdijajersinovec.com\/exhibitions\"]}]},{\"@type\":\"BreadcrumbList\",\"@id\":\"https:\/\/www.klavdijajersinovec.com\/exhibitions#breadcrumb\",\"itemListElement\":[{\"@type\":\"ListItem\",\"position\":1,\"name\":\"Home\",\"item\":\"https:\/\/www.klavdijajersinovec.com\/\"},{\"@type\":\"ListItem\",\"position\":2,\"name\":\"Exhibitions\"}]},{\"@type\":\"WebSite\",\"@id\":\"https:\/\/www.klavdijajersinovec.com\/#website\",\"url\":\"https:\/\/www.klavdijajersinovec.com\/\",\"name\":\"Klavdija Jer\u0161inovec\",\"description\":\"\",\"potentialAction\":[{\"@type\":\"SearchAction\",\"target\":{\"@type\":\"EntryPoint\",\"urlTemplate\":\"https:\/\/www.klavdijajersinovec.com\/?s={search_term_string}\"},\"query-input\":{\"@type\":\"PropertyValueSpecification\",\"valueRequired\":true,\"valueName\":\"search_term_string\"}}],\"inLanguage\":\"sl-SI\"}]}<\/script>\n<!-- \/ Yoast SEO plugin. -->","yoast_head_json":{"title":"Exhibitions - Klavdija Jer\u0161inovec","robots":{"index":"index","follow":"follow","max-snippet":"max-snippet:-1","max-image-preview":"max-image-preview:large","max-video-preview":"max-video-preview:-1"},"canonical":"https:\/\/www.klavdijajersinovec.com\/sl\/exhibitions\/","og_locale":"sl_SI","og_type":"article","og_title":"Exhibitions - Klavdija Jer\u0161inovec","og_description":"Liturgy of Form, Kr\u0161ko Gallery, 2026 (photo: Bo\u0161tjan Pucelj) Solo exhibitions Group exhibitions Illustration Costume design","og_url":"https:\/\/www.klavdijajersinovec.com\/sl\/exhibitions\/","og_site_name":"Klavdija Jer\u0161inovec","article_modified_time":"2026-02-20T10:54:25+00:00","og_image":[{"width":2560,"height":2560,"url":"https:\/\/www.klavdijajersinovec.com\/wp-content\/uploads\/2024\/07\/logokj-scaled.jpg","type":"image\/jpeg"}],"twitter_card":"summary_large_image","twitter_misc":{"Est. reading time":"2 minuti"},"schema":{"@context":"https:\/\/schema.org","@graph":[{"@type":"WebPage","@id":"https:\/\/www.klavdijajersinovec.com\/exhibitions","url":"https:\/\/www.klavdijajersinovec.com\/exhibitions","name":"Exhibitions - Klavdija Jer\u0161inovec","isPartOf":{"@id":"https:\/\/www.klavdijajersinovec.com\/#website"},"datePublished":"2024-06-28T09:52:14+00:00","dateModified":"2026-02-20T10:54:25+00:00","breadcrumb":{"@id":"https:\/\/www.klavdijajersinovec.com\/exhibitions#breadcrumb"},"inLanguage":"sl-SI","potentialAction":[{"@type":"ReadAction","target":["https:\/\/www.klavdijajersinovec.com\/exhibitions"]}]},{"@type":"BreadcrumbList","@id":"https:\/\/www.klavdijajersinovec.com\/exhibitions#breadcrumb","itemListElement":[{"@type":"ListItem","position":1,"name":"Home","item":"https:\/\/www.klavdijajersinovec.com\/"},{"@type":"ListItem","position":2,"name":"Exhibitions"}]},{"@type":"WebSite","@id":"https:\/\/www.klavdijajersinovec.com\/#website","url":"https:\/\/www.klavdijajersinovec.com\/","name":"Klavdija Jer\u0161inovec","description":"","potentialAction":[{"@type":"SearchAction","target":{"@type":"EntryPoint","urlTemplate":"https:\/\/www.klavdijajersinovec.com\/?s={search_term_string}"},"query-input":{"@type":"PropertyValueSpecification","valueRequired":true,"valueName":"search_term_string"}}],"inLanguage":"sl-SI"}]}},"_links":{"self":[{"href":"https:\/\/www.klavdijajersinovec.com\/sl\/wp-json\/wp\/v2\/pages\/13","targetHints":{"allow":["GET"]}}],"collection":[{"href":"https:\/\/www.klavdijajersinovec.com\/sl\/wp-json\/wp\/v2\/pages"}],"about":[{"href":"https:\/\/www.klavdijajersinovec.com\/sl\/wp-json\/wp\/v2\/types\/page"}],"author":[{"embeddable":true,"href":"https:\/\/www.klavdijajersinovec.com\/sl\/wp-json\/wp\/v2\/users\/1"}],"replies":[{"embeddable":true,"href":"https:\/\/www.klavdijajersinovec.com\/sl\/wp-json\/wp\/v2\/comments?post=13"}],"version-history":[{"count":46,"href":"https:\/\/www.klavdijajersinovec.com\/sl\/wp-json\/wp\/v2\/pages\/13\/revisions"}],"predecessor-version":[{"id":1046,"href":"https:\/\/www.klavdijajersinovec.com\/sl\/wp-json\/wp\/v2\/pages\/13\/revisions\/1046"}],"wp:attachment":[{"href":"https:\/\/www.klavdijajersinovec.com\/sl\/wp-json\/wp\/v2\/media?parent=13"}],"curies":[{"name":"wp","href":"https:\/\/api.w.org\/{rel}","templated":true}]}}